{"id":1255,"date":"2024-10-28T19:53:25","date_gmt":"2024-10-28T19:53:25","guid":{"rendered":"https:\/\/studioartspot.com\/dev\/slavic\/?post_type=product&#038;p=1255"},"modified":"2026-01-06T10:24:54","modified_gmt":"2026-01-06T10:24:54","slug":"tatjana-bokan","status":"publish","type":"product","link":"https:\/\/studioartspot.com\/dev\/slavic\/actors\/tatjana-bokan\/","title":{"rendered":"Tatjana Bokan"},"content":{"rendered":"<p><div class=\"fusion-fullwidth fullwidth-box fusion-builder-row-1 fusion-flex-container has-pattern-background has-mask-background nonhundred-percent-fullwidth non-hundred-percent-height-scrolling\" style=\"--awb-border-radius-top-left:0px;--awb-border-radius-top-right:0px;--awb-border-radius-bottom-right:0px;--awb-border-radius-bottom-left:0px;--awb-padding-left:0px;--awb-padding-right-small:0px;--awb-margin-top:25px;--awb-flex-wrap:wrap;\" ><div class=\"fusion-builder-row fusion-row fusion-flex-align-items-flex-start fusion-flex-content-wrap\" style=\"max-width:1560px;margin-left: calc(-4% \/ 2 );margin-right: calc(-4% \/ 2 );\"><div class=\"fusion-layout-column fusion_builder_column fusion-builder-column-0 fusion_builder_column_1_1 1_1 fusion-flex-column\" style=\"--awb-bg-size:cover;--awb-width-large:100%;--awb-margin-top-large:0px;--awb-spacing-right-large:1.92%;--awb-margin-bottom-large:20px;--awb-spacing-left-large:1.92%;--awb-width-medium:100%;--awb-order-medium:0;--awb-spacing-right-medium:1.92%;--awb-spacing-left-medium:1.92%;--awb-width-small:100%;--awb-order-small:0;--awb-spacing-right-small:1.92%;--awb-spacing-left-small:1.92%;\" data-scroll-devices=\"small-visibility,medium-visibility,large-visibility\"><div class=\"fusion-column-wrapper fusion-column-has-shadow fusion-flex-justify-content-flex-start fusion-content-layout-column\"><div style=\"text-align:center;\"><a class=\"fusion-button button-flat fusion-button-default-size button-custom fusion-button-default button-1 fusion-button-default-span sg-popup-id-355\" style=\"--button_accent_color:var(--awb-color5);--button_border_color:var(--awb-color5);--button_accent_hover_color:var(--awb-color1);--button_border_hover_color:var(--awb-color1);--button_border_width-top:1px;--button_border_width-right:1px;--button_border_width-bottom:1px;--button_border_width-left:1px;--button-border-radius-top-left:12px;--button-border-radius-top-right:12px;--button-border-radius-bottom-right:12px;--button-border-radius-bottom-left:12px;--button_gradient_top_color:var(--awb-color2);--button_gradient_bottom_color:var(--awb-color2);--button_gradient_top_color_hover:hsla(var(--awb-color5-h),calc(var(--awb-color5-s) - 5%),calc(var(--awb-color5-l) - 10%),var(--awb-color5-a));--button_gradient_bottom_color_hover:hsla(var(--awb-color5-h),calc(var(--awb-color5-s) - 5%),calc(var(--awb-color5-l) - 10%),var(--awb-color5-a));--button_padding-right:40%;--button_padding-left:40%;\" target=\"_self\" data-hover=\"text_slide_up\"><div class=\"awb-button-text-transition  awb-button__hover-content--centered\"><span class=\"fusion-button-text awb-button__text awb-button__text--default\">CONTACT<\/span><span class=\"fusion-button-text awb-button__text awb-button__text--default\">CONTACT<\/span><\/div><\/a><\/div><\/div><\/div><\/div><\/div><div class=\"fusion-fullwidth fullwidth-box fusion-builder-row-2 fusion-flex-container has-pattern-background has-mask-background nonhundred-percent-fullwidth non-hundred-percent-height-scrolling fusion-animated fusion-sticky-container\" style=\"--awb-border-radius-top-left:0px;--awb-border-radius-top-right:0px;--awb-border-radius-bottom-right:0px;--awb-border-radius-bottom-left:0px;--awb-padding-right:0px;--awb-padding-left:0px;--awb-margin-top:30px;--awb-flex-wrap:wrap;\" data-animationType=\"fadeInUp\" data-animationDuration=\"0.8\" data-animationDelay=\"0.5\" data-animationOffset=\"top-into-view\" data-transition-offset=\"0\" data-scroll-offset=\"119\" data-sticky-small-visibility=\"1\" data-sticky-medium-visibility=\"1\" data-sticky-large-visibility=\"1\" ><div class=\"fusion-builder-row fusion-row fusion-flex-align-items-flex-start fusion-flex-content-wrap\" style=\"max-width:1560px;margin-left: calc(-4% \/ 2 );margin-right: calc(-4% \/ 2 );\"><div class=\"fusion-layout-column fusion_builder_column fusion-builder-column-1 fusion_builder_column_1_1 1_1 fusion-flex-column\" style=\"--awb-bg-size:cover;--awb-width-large:100%;--awb-margin-top-large:0px;--awb-spacing-right-large:1.92%;--awb-margin-bottom-large:20px;--awb-spacing-left-large:1.92%;--awb-width-medium:100%;--awb-order-medium:0;--awb-spacing-right-medium:1.92%;--awb-spacing-left-medium:1.92%;--awb-width-small:100%;--awb-order-small:0;--awb-spacing-right-small:1.92%;--awb-spacing-left-small:1.92%;\"><div class=\"fusion-column-wrapper fusion-column-has-shadow fusion-flex-justify-content-flex-start fusion-content-layout-column\"><div class=\"fusion-title title fusion-title-1 fusion-sep-none fusion-title-text fusion-title-size-four\" style=\"--awb-margin-bottom:0px;\"><h4 class=\"fusion-title-heading title-heading-left\" style=\"margin:0;\">CREDITS<\/h4><\/div><div class=\"fusion-separator fusion-full-width-sep\" style=\"align-self: center;margin-left: auto;margin-right: auto;margin-top:11px;margin-bottom:15px;width:100%;max-width:100%;\"><div class=\"fusion-separator-border sep-single sep-solid\" style=\"--awb-height:20px;--awb-amount:20px;--awb-sep-color:#a2a2a2;border-color:#a2a2a2;border-top-width:1px;\"><\/div><\/div>\n<\/div><\/div><\/div><\/div><div class=\"fusion-fullwidth fullwidth-box fusion-builder-row-3 fusion-flex-container has-pattern-background has-mask-background nonhundred-percent-fullwidth non-hundred-percent-height-scrolling fusion-animated\" style=\"--awb-border-radius-top-left:0px;--awb-border-radius-top-right:0px;--awb-border-radius-bottom-right:0px;--awb-border-radius-bottom-left:0px;--awb-padding-right:0px;--awb-padding-left:0px;--awb-flex-wrap:wrap;\" data-animationType=\"fadeInUp\" data-animationDuration=\"1.0\" data-animationDelay=\"0.5\" data-animationOffset=\"top-into-view\" ><div class=\"fusion-builder-row fusion-row fusion-flex-align-items-flex-start fusion-flex-content-wrap\" style=\"max-width:1560px;margin-left: calc(-4% \/ 2 );margin-right: calc(-4% \/ 2 );\"><div class=\"fusion-layout-column fusion_builder_column fusion-builder-column-2 fusion_builder_column_1_1 1_1 fusion-flex-column\" style=\"--awb-bg-size:cover;--awb-width-large:100%;--awb-margin-top-large:0px;--awb-spacing-right-large:1.92%;--awb-margin-bottom-large:20px;--awb-spacing-left-large:1.92%;--awb-width-medium:100%;--awb-order-medium:0;--awb-spacing-right-medium:1.92%;--awb-spacing-left-medium:1.92%;--awb-width-small:100%;--awb-order-small:0;--awb-spacing-right-small:1.92%;--awb-spacing-left-small:1.92%;\"><div class=\"fusion-column-wrapper fusion-column-has-shadow fusion-flex-justify-content-flex-start fusion-content-layout-column\"><div class=\"fusion-title title fusion-title-2 fusion-sep-none fusion-title-text fusion-title-size-five\" style=\"--awb-margin-bottom:8px;\"><h5 class=\"fusion-title-heading title-heading-left\" style=\"margin:0;\">MOVIES<\/h5><\/div><div class=\"fusion-text fusion-text-1\"><p><img decoding=\"async\" class=\"alignleft wp-image-873\" src=\"https:\/\/studioartspot.com\/dev\/slavic\/wp-content\/uploads\/2024\/07\/movies.jpg\" alt=\"\" width=\"39\" height=\"63\" \/>2007 &#8211; <strong>&#8220;Black Gruya and Stone of Wisdom&#8221;<\/strong>,<br \/>\nrole: Erzebet, director: Marko Marinkovi\u0107<\/p>\n<p><img decoding=\"async\" class=\"alignleft wp-image-873\" src=\"https:\/\/studioartspot.com\/dev\/slavic\/wp-content\/uploads\/2024\/07\/movies.jpg\" alt=\"\" width=\"39\" height=\"63\" \/>2017 &#8211; <strong>&#8220;Deus ex machina&#8221;<\/strong>,<br \/>\nrole: Woman, director: Srdjan Radakovi\u0107<\/p>\n<\/div><\/div><\/div><\/div><\/div><div class=\"fusion-fullwidth fullwidth-box fusion-builder-row-4 fusion-flex-container has-pattern-background has-mask-background nonhundred-percent-fullwidth non-hundred-percent-height-scrolling fusion-animated\" style=\"--awb-border-radius-top-left:0px;--awb-border-radius-top-right:0px;--awb-border-radius-bottom-right:0px;--awb-border-radius-bottom-left:0px;--awb-padding-right:0px;--awb-padding-left:0px;--awb-flex-wrap:wrap;\" data-animationType=\"fadeInUp\" data-animationDuration=\"0.9\" data-animationDelay=\"0.5\" data-animationOffset=\"top-into-view\" ><div class=\"fusion-builder-row fusion-row fusion-flex-align-items-flex-start fusion-flex-content-wrap\" style=\"max-width:1560px;margin-left: calc(-4% \/ 2 );margin-right: calc(-4% \/ 2 );\"><div class=\"fusion-layout-column fusion_builder_column fusion-builder-column-3 fusion_builder_column_1_1 1_1 fusion-flex-column\" style=\"--awb-bg-size:cover;--awb-width-large:100%;--awb-margin-top-large:0px;--awb-spacing-right-large:1.92%;--awb-margin-bottom-large:20px;--awb-spacing-left-large:1.92%;--awb-width-medium:100%;--awb-order-medium:0;--awb-spacing-right-medium:1.92%;--awb-spacing-left-medium:1.92%;--awb-width-small:100%;--awb-order-small:0;--awb-spacing-right-small:1.92%;--awb-spacing-left-small:1.92%;\"><div class=\"fusion-column-wrapper fusion-column-has-shadow fusion-flex-justify-content-flex-start fusion-content-layout-column\"><div class=\"fusion-title title fusion-title-3 fusion-sep-none fusion-title-text fusion-title-size-five\" style=\"--awb-margin-bottom:8px;\"><h5 class=\"fusion-title-heading title-heading-left\" style=\"margin:0;\">TV Shows<\/h5><\/div><div class=\"fusion-text fusion-text-2\"><p><img decoding=\"async\" class=\"alignleft wp-image-874\" src=\"https:\/\/studioartspot.com\/dev\/slavic\/wp-content\/uploads\/2024\/07\/series.jpg\" alt=\"\" width=\"39\" height=\"63\" \/>2003 &#8211; <strong>&#8220;Some new kids&#8221;<\/strong>,<br \/>\nrole: Dada, director: Mladen Maticevi\u0107, production: RTS, Komuna<\/p>\n<p><img decoding=\"async\" class=\"alignleft wp-image-874\" src=\"https:\/\/studioartspot.com\/dev\/slavic\/wp-content\/uploads\/2024\/07\/series.jpg\" alt=\"\" width=\"39\" height=\"63\" \/>2003 &#8211; <strong>&#8220;Black Gruya&#8221;<\/strong>,<br \/>\nrole: Erzebet, director: Igor Stoimenov, production: BK TV BS group<\/p>\n<p><img decoding=\"async\" class=\"alignleft wp-image-874\" src=\"https:\/\/studioartspot.com\/dev\/slavic\/wp-content\/uploads\/2024\/07\/series.jpg\" alt=\"\" width=\"39\" height=\"63\" \/>2008 &#8211; <strong>&#8220;My cousin from the village&#8221;<\/strong>,<br \/>\nrole: Buca, director: Marko Marinkovi\u0107, production: RTS\/Ko\u0161utnjak film<\/p>\n<p><img decoding=\"async\" class=\"alignleft wp-image-874\" src=\"https:\/\/studioartspot.com\/dev\/slavic\/wp-content\/uploads\/2024\/07\/series.jpg\" alt=\"\" width=\"39\" height=\"63\" \/>2008 &#8211; <strong>&#8220;Stop the time&#8221;<\/strong>,<br \/>\nrole: Nina, directors: Darko Baji\u0107, Roman Majeti\u0107, production: AVA production<\/p>\n<p><img decoding=\"async\" class=\"alignleft wp-image-874\" src=\"https:\/\/studioartspot.com\/dev\/slavic\/wp-content\/uploads\/2024\/07\/series.jpg\" alt=\"\" width=\"39\" height=\"63\" \/>2021 &#8211; <strong>&#8220;Wheel of luck&#8221;<\/strong>,<br \/>\nrole: Ana, directors: Vlada Aleksi\u0107, Rastko Tadi\u0107, production: Smart media<div class=\"show_more\"><p class=\"wpsm-show\" style=\"color: \u201d#1e788d\u201d; font-size: 100%; text-align: left;\"> Show-more<\/p><div class=\"wpsm-content\"><\/p>\n<p><img decoding=\"async\" class=\"alignleft wp-image-874\" src=\"https:\/\/studioartspot.com\/dev\/slavic\/wp-content\/uploads\/2024\/07\/series.jpg\" alt=\"\" width=\"39\" height=\"63\" \/>2021 &#8211; <strong>&#8220;Aviondzije&#8221;<\/strong>,<br \/>\nrole: Comedian\/Actress, director: Suzana Purkovi\u0107, production: Sa\u0161a Mirkovi\u0107<\/p>\n<p><img decoding=\"async\" class=\"alignleft wp-image-874\" src=\"https:\/\/studioartspot.com\/dev\/slavic\/wp-content\/uploads\/2024\/07\/series.jpg\" alt=\"\" width=\"39\" height=\"63\" \/>2022 &#8211; <strong>&#8220;From morning till tomorrow&#8221;<\/strong>,<br \/>\nrole: Spomenka, directors: Mi\u0161a Vukobratovi\u0107, Stanko Milo\u0161evi\u0107, Alexandra El\u010di\u0107, production:<br \/>\nSmart media prod.<\/p>\n<p><img decoding=\"async\" class=\"alignleft wp-image-874\" src=\"https:\/\/studioartspot.com\/dev\/slavic\/wp-content\/uploads\/2024\/07\/series.jpg\" alt=\"\" width=\"39\" height=\"63\" \/>2018 &#8211; <strong>&#8220;Emergency room&#8221;<\/strong>,<br \/>\nrole: G\u0111a Radulov, director: Danilo Be\u010dkovi\u0107, production: Emotion production\\ <p class=\"wpsm-hide\" style=\"color: \u201d#1e788d\u201d; font-size: 100%; text-align: left;\"> Show-less<\/p><\/div><\/div><\/p>\n<\/div><\/div><\/div><\/div><\/div><div class=\"fusion-fullwidth fullwidth-box fusion-builder-row-5 fusion-flex-container has-pattern-background has-mask-background nonhundred-percent-fullwidth non-hundred-percent-height-scrolling fusion-animated\" style=\"--awb-border-radius-top-left:0px;--awb-border-radius-top-right:0px;--awb-border-radius-bottom-right:0px;--awb-border-radius-bottom-left:0px;--awb-padding-right:0px;--awb-padding-left:0px;--awb-flex-wrap:wrap;\" data-animationType=\"fadeInUp\" data-animationDuration=\"0.8\" data-animationDelay=\"0.2\" data-animationOffset=\"top-into-view\" ><div class=\"fusion-builder-row fusion-row fusion-flex-align-items-flex-start fusion-flex-content-wrap\" style=\"max-width:1560px;margin-left: calc(-4% \/ 2 );margin-right: calc(-4% \/ 2 );\"><div class=\"fusion-layout-column fusion_builder_column fusion-builder-column-4 fusion_builder_column_1_1 1_1 fusion-flex-column\" style=\"--awb-bg-size:cover;--awb-width-large:100%;--awb-margin-top-large:0px;--awb-spacing-right-large:1.92%;--awb-margin-bottom-large:20px;--awb-spacing-left-large:1.92%;--awb-width-medium:100%;--awb-order-medium:0;--awb-spacing-right-medium:1.92%;--awb-spacing-left-medium:1.92%;--awb-width-small:100%;--awb-order-small:0;--awb-spacing-right-small:1.92%;--awb-spacing-left-small:1.92%;\"><div class=\"fusion-column-wrapper fusion-column-has-shadow fusion-flex-justify-content-flex-start fusion-content-layout-column\"><div class=\"fusion-title title fusion-title-4 fusion-sep-none fusion-title-text fusion-title-size-five\" style=\"--awb-margin-bottom:8px;\"><h5 class=\"fusion-title-heading title-heading-left\" style=\"margin:0;\">Theatre<\/h5><\/div><div class=\"fusion-text fusion-text-3\"><p><strong>&#8220;Elektra&#8221;<\/strong>, role: Klitemnestra, director: Mihailo Janketi\u0107, production: Promena \/ <strong>&#8220;The Change&#8221;<\/strong> theatre<br \/>\n<strong>&#8220;The house of Riordan\u2019s&#8221;<\/strong>, role: Danon, director: Srdjan Ruskuc, production: National theatre in Subotica<br \/>\n<strong>&#8220;Zhaklina Bandeka&#8221;<\/strong>, role: Zhaklina, director: Slavenko Saletovi\u0107, production: <strong>&#8220;The Cult&#8221;<\/strong> theatre<\/p>\n<\/div><\/div><\/div><\/div><\/div><div class=\"fusion-fullwidth fullwidth-box fusion-builder-row-6 fusion-flex-container has-pattern-background has-mask-background nonhundred-percent-fullwidth non-hundred-percent-height-scrolling fusion-animated\" style=\"--awb-border-radius-top-left:0px;--awb-border-radius-top-right:0px;--awb-border-radius-bottom-right:0px;--awb-border-radius-bottom-left:0px;--awb-padding-right:0px;--awb-padding-left:0px;--awb-flex-wrap:wrap;\" data-animationType=\"fadeInUp\" data-animationDuration=\"0.8\" data-animationDelay=\"0.3\" data-animationOffset=\"top-into-view\" ><div class=\"fusion-builder-row fusion-row fusion-flex-align-items-flex-start fusion-flex-content-wrap\" style=\"max-width:1560px;margin-left: calc(-4% \/ 2 );margin-right: calc(-4% \/ 2 );\"><div class=\"fusion-layout-column fusion_builder_column fusion-builder-column-5 fusion_builder_column_1_1 1_1 fusion-flex-column\" style=\"--awb-bg-size:cover;--awb-width-large:100%;--awb-margin-top-large:0px;--awb-spacing-right-large:1.92%;--awb-margin-bottom-large:20px;--awb-spacing-left-large:1.92%;--awb-width-medium:100%;--awb-order-medium:0;--awb-spacing-right-medium:1.92%;--awb-spacing-left-medium:1.92%;--awb-width-small:100%;--awb-order-small:0;--awb-spacing-right-small:1.92%;--awb-spacing-left-small:1.92%;\"><div class=\"fusion-column-wrapper fusion-column-has-shadow fusion-flex-justify-content-flex-start fusion-content-layout-column\"><div class=\"fusion-title title fusion-title-5 fusion-sep-none fusion-title-text fusion-title-size-four\" style=\"--awb-margin-bottom:0px;\"><h4 class=\"fusion-title-heading title-heading-left\" style=\"margin:0;\">Education (Class, Academy):<\/h4><\/div><div class=\"fusion-separator fusion-full-width-sep\" style=\"align-self: center;margin-left: auto;margin-right: auto;margin-top:11px;margin-bottom:15px;width:100%;max-width:100%;\"><div class=\"fusion-separator-border sep-single sep-solid\" style=\"--awb-height:20px;--awb-amount:20px;--awb-sep-color:#a2a2a2;border-color:#a2a2a2;border-top-width:1px;\"><\/div><\/div>\n<div class=\"fusion-text fusion-text-4\"><p>Academy of arts, Novi Sad<\/p>\n<\/div><\/div><\/div><\/div><\/div><div class=\"fusion-fullwidth fullwidth-box fusion-builder-row-7 fusion-flex-container has-pattern-background has-mask-background nonhundred-percent-fullwidth non-hundred-percent-height-scrolling fusion-animated\" style=\"--awb-border-radius-top-left:0px;--awb-border-radius-top-right:0px;--awb-border-radius-bottom-right:0px;--awb-border-radius-bottom-left:0px;--awb-padding-right:0px;--awb-padding-left:0px;--awb-flex-wrap:wrap;\" data-animationType=\"fadeInUp\" data-animationDuration=\"0.8\" data-animationDelay=\"0.3\" data-animationOffset=\"top-into-view\" ><div class=\"fusion-builder-row fusion-row fusion-flex-align-items-flex-start fusion-flex-content-wrap\" style=\"max-width:1560px;margin-left: calc(-4% \/ 2 );margin-right: calc(-4% \/ 2 );\"><div class=\"fusion-layout-column fusion_builder_column fusion-builder-column-6 fusion_builder_column_1_1 1_1 fusion-flex-column\" style=\"--awb-bg-size:cover;--awb-width-large:100%;--awb-margin-top-large:0px;--awb-spacing-right-large:1.92%;--awb-margin-bottom-large:20px;--awb-spacing-left-large:1.92%;--awb-width-medium:100%;--awb-order-medium:0;--awb-spacing-right-medium:1.92%;--awb-spacing-left-medium:1.92%;--awb-width-small:100%;--awb-order-small:0;--awb-spacing-right-small:1.92%;--awb-spacing-left-small:1.92%;\"><div class=\"fusion-column-wrapper fusion-column-has-shadow fusion-flex-justify-content-flex-start fusion-content-layout-column\"><div class=\"fusion-title title fusion-title-6 fusion-sep-none fusion-title-text fusion-title-size-four\" style=\"--awb-margin-bottom:0px;\"><h4 class=\"fusion-title-heading title-heading-left\" style=\"margin:0;\">Skills (Singing, Dancing, Instruments, Sport, Addition):<\/h4><\/div><div class=\"fusion-separator fusion-full-width-sep\" style=\"align-self: center;margin-left: auto;margin-right: auto;margin-top:11px;margin-bottom:15px;width:100%;max-width:100%;\"><div class=\"fusion-separator-border sep-single sep-solid\" style=\"--awb-height:20px;--awb-amount:20px;--awb-sep-color:#a2a2a2;border-color:#a2a2a2;border-top-width:1px;\"><\/div><\/div>\n<div class=\"fusion-text fusion-text-5\"><ul>\n<li>Sports, dance, swimming, singing, writing poetry, painting<\/li>\n<\/ul>\n<\/div><\/div><\/div><\/div><\/div><div class=\"fusion-fullwidth fullwidth-box fusion-builder-row-8 fusion-flex-container has-pattern-background has-mask-background nonhundred-percent-fullwidth non-hundred-percent-height-scrolling fusion-animated\" style=\"--awb-border-radius-top-left:0px;--awb-border-radius-top-right:0px;--awb-border-radius-bottom-right:0px;--awb-border-radius-bottom-left:0px;--awb-padding-right:0px;--awb-padding-left:0px;--awb-flex-wrap:wrap;\" data-animationType=\"fadeInUp\" data-animationDuration=\"0.9\" data-animationDelay=\"0.3\" data-animationOffset=\"top-into-view\" ><div class=\"fusion-builder-row fusion-row fusion-flex-align-items-flex-start fusion-flex-content-wrap\" style=\"max-width:1560px;margin-left: calc(-4% \/ 2 );margin-right: calc(-4% \/ 2 );\"><div class=\"fusion-layout-column fusion_builder_column fusion-builder-column-7 fusion_builder_column_1_1 1_1 fusion-flex-column\" style=\"--awb-bg-size:cover;--awb-width-large:100%;--awb-margin-top-large:0px;--awb-spacing-right-large:1.92%;--awb-margin-bottom-large:20px;--awb-spacing-left-large:1.92%;--awb-width-medium:100%;--awb-order-medium:0;--awb-spacing-right-medium:1.92%;--awb-spacing-left-medium:1.92%;--awb-width-small:100%;--awb-order-small:0;--awb-spacing-right-small:1.92%;--awb-spacing-left-small:1.92%;\"><div class=\"fusion-column-wrapper fusion-column-has-shadow fusion-flex-justify-content-flex-start fusion-content-layout-column\"><div class=\"fusion-title title fusion-title-7 fusion-sep-none fusion-title-text fusion-title-size-four\" style=\"--awb-margin-bottom:0px;\"><h4 class=\"fusion-title-heading title-heading-left\" style=\"margin:0;\">News<\/h4><\/div><div class=\"fusion-separator fusion-full-width-sep\" style=\"align-self: center;margin-left: auto;margin-right: auto;margin-top:11px;margin-bottom:15px;width:100%;max-width:100%;\"><div class=\"fusion-separator-border sep-single sep-solid\" style=\"--awb-height:20px;--awb-amount:20px;--awb-sep-color:#a2a2a2;border-color:#a2a2a2;border-top-width:1px;\"><\/div><\/div><h2 class=\"fusion-nothing-found\">\n<p>Nothing Found<\/p>\n<\/h2><\/div><\/div><\/div><\/div><\/p>\n","protected":false},"excerpt":{"rendered":"","protected":false},"featured_media":1256,"comment_status":"closed","ping_status":"closed","template":"","meta":{"_acf_changed":false},"product_brand":[],"product_cat":[25],"product_tag":[],"class_list":{"0":"post-1255","1":"product","2":"type-product","3":"status-publish","4":"has-post-thumbnail","6":"product_cat-actors","7":"pa_country-serbia","8":"pa_gender-female","9":"pa_language-bosnian","10":"pa_language-croatian","11":"pa_language-english","12":"pa_language-serbian","13":"pa_playing-range-30-40","14":"pa_playing-range-50-60","16":"first","17":"instock","18":"shipping-taxable","19":"product-type-simple","20":"add-to-wishlist-after_add_to_cart"},"acf":[],"_links":{"self":[{"href":"https:\/\/studioartspot.com\/dev\/slavic\/wp-json\/wp\/v2\/product\/1255","targetHints":{"allow":["GET"]}}],"collection":[{"href":"https:\/\/studioartspot.com\/dev\/slavic\/wp-json\/wp\/v2\/product"}],"about":[{"href":"https:\/\/studioartspot.com\/dev\/slavic\/wp-json\/wp\/v2\/types\/product"}],"replies":[{"embeddable":true,"href":"https:\/\/studioartspot.com\/dev\/slavic\/wp-json\/wp\/v2\/comments?post=1255"}],"wp:featuredmedia":[{"embeddable":true,"href":"https:\/\/studioartspot.com\/dev\/slavic\/wp-json\/wp\/v2\/media\/1256"}],"wp:attachment":[{"href":"https:\/\/studioartspot.com\/dev\/slavic\/wp-json\/wp\/v2\/media?parent=1255"}],"wp:term":[{"taxonomy":"product_brand","embeddable":true,"href":"https:\/\/studioartspot.com\/dev\/slavic\/wp-json\/wp\/v2\/product_brand?post=1255"},{"taxonomy":"product_cat","embeddable":true,"href":"https:\/\/studioartspot.com\/dev\/slavic\/wp-json\/wp\/v2\/product_cat?post=1255"},{"taxonomy":"product_tag","embeddable":true,"href":"https:\/\/studioartspot.com\/dev\/slavic\/wp-json\/wp\/v2\/product_tag?post=1255"}],"curies":[{"name":"wp","href":"https:\/\/api.w.org\/{rel}","templated":true}]}}